{"id":2,"date":"2016-05-10T03:48:21","date_gmt":"2016-05-10T03:48:21","guid":{"rendered":"https:\/\/corporativojjloc.com.mx\/?page_id=2"},"modified":"2022-07-11T06:14:38","modified_gmt":"2022-07-11T06:14:38","slug":"sample-page","status":"publish","type":"page","link":"https:\/\/corporativojjloc.com.mx\/?page_id=2","title":{"rendered":"Nosotros"},"content":{"rendered":"\n<p style=\"font-size:30px\">\u00bf<em>Qui\u00e9nes somos?<\/em><\/p>\n\n\n\n<p>Fundado en 2014, con la visi\u00f3n de tener un servicio integral para nuestros clientes, iniciamos con la administraci\u00f3n integral de un grupo reducido, para despu\u00e9s llevar nuestros servicios al p\u00fablico en general.<\/p>\n\n\n\n<figure class=\"wp-block-image size-medium is-resized is-style-default\"><img decoding=\"async\" src=\"https:\/\/corporativojjloc.com.mx\/wp-content\/uploads\/2022\/07\/Contabilidad-electronica-Colegio-Fiscal-de-Mexico-scaled-1-300x169.jpg\" alt=\"\" class=\"wp-image-62\" width=\"500\" srcset=\"https:\/\/corporativojjloc.com.mx\/wp-content\/uploads\/2022\/07\/Contabilidad-electronica-Colegio-Fiscal-de-Mexico-scaled-1-300x169.jpg 300w, https:\/\/corporativojjloc.com.mx\/wp-content\/uploads\/2022\/07\/Contabilidad-electronica-Colegio-Fiscal-de-Mexico-scaled-1-1024x576.jpg 1024w, https:\/\/corporativojjloc.com.mx\/wp-content\/uploads\/2022\/07\/Contabilidad-electronica-Colegio-Fiscal-de-Mexico-scaled-1-768x432.jpg 768w, https:\/\/corporativojjloc.com.mx\/wp-content\/uploads\/2022\/07\/Contabilidad-electronica-Colegio-Fiscal-de-Mexico-scaled-1-1536x864.jpg 1536w, https:\/\/corporativojjloc.com.mx\/wp-content\/uploads\/2022\/07\/Contabilidad-electronica-Colegio-Fiscal-de-Mexico-scaled-1-2048x1152.jpg 2048w\" sizes=\"(max-width: 300px) 100vw, 300px\" \/><\/figure>\n\n\n\n<p style=\"font-size:30px\"><em>Nuestra Visi\u00f3n<\/em><\/p>\n\n\n\n<p>Generar confianza en nuestros clientes, siempre de forma honesta y profesional, cumpliendo nuestro compromiso de ser un apoyo.<\/p>\n\n\n\n<p style=\"font-size:30px\"><em>Nuestra Misi\u00f3n<\/em><\/p>\n\n\n\n<p>Ser un despacho respetado, reconocido a nivel mundial y siendo referente dentro de la profesi\u00f3n de contabilidad.<\/p>\n\n\n\n<figure class=\"wp-block-image size-medium is-resized\"><img decoding=\"async\" src=\"https:\/\/corporativojjloc.com.mx\/wp-content\/uploads\/2022\/07\/Origen-y-evolucion-de-la-contabilidad-1-300x200.webp\" alt=\"\" class=\"wp-image-67\" width=\"500\" srcset=\"https:\/\/corporativojjloc.com.mx\/wp-content\/uploads\/2022\/07\/Origen-y-evolucion-de-la-contabilidad-1-300x200.webp 300w, https:\/\/corporativojjloc.com.mx\/wp-content\/uploads\/2022\/07\/Origen-y-evolucion-de-la-contabilidad-1-1024x683.webp 1024w, https:\/\/corporativojjloc.com.mx\/wp-content\/uploads\/2022\/07\/Origen-y-evolucion-de-la-contabilidad-1-768x512.webp 768w, https:\/\/corporativojjloc.com.mx\/wp-content\/uploads\/2022\/07\/Origen-y-evolucion-de-la-contabilidad-1-1536x1024.webp 1536w, https:\/\/corporativojjloc.com.mx\/wp-content\/uploads\/2022\/07\/Origen-y-evolucion-de-la-contabilidad-1.webp 1920w\" sizes=\"(max-width: 300px) 100vw, 300px\" \/><\/figure>\n\n\n\n<p style=\"font-size:30px\"><em>Ventajas Competitivas<\/em><\/p>\n\n\n\n<p>Somos un grupo de profesionales almente capacitados, los cuales sabemos que llegar en tiempo y forma es lo unico que sabemos hacer.<\/p>\n\n\n\n<p><\/p>\n\n\n\n<p><\/p>\n","protected":false},"excerpt":{"rendered":"<p>Acerca de Nosotros<\/p>\n","protected":false},"author":1,"featured_media":15,"parent":0,"menu_order":0,"comment_status":"closed","ping_status":"closed","template":"","meta":[],"_links":{"self":[{"href":"https:\/\/corporativojjloc.com.mx\/index.php?rest_route=\/wp\/v2\/pages\/2"}],"collection":[{"href":"https:\/\/corporativojjloc.com.mx\/index.php?rest_route=\/wp\/v2\/pages"}],"about":[{"href":"https:\/\/corporativojjloc.com.mx\/index.php?rest_route=\/wp\/v2\/types\/page"}],"author":[{"embeddable":true,"href":"https:\/\/corporativojjloc.com.mx\/index.php?rest_route=\/wp\/v2\/users\/1"}],"replies":[{"embeddable":true,"href":"https:\/\/corporativojjloc.com.mx\/index.php?rest_route=%2Fwp%2Fv2%2Fcomments&post=2"}],"version-history":[{"count":9,"href":"https:\/\/corporativojjloc.com.mx\/index.php?rest_route=\/wp\/v2\/pages\/2\/revisions"}],"predecessor-version":[{"id":82,"href":"https:\/\/corporativojjloc.com.mx\/index.php?rest_route=\/wp\/v2\/pages\/2\/revisions\/82"}],"wp:featuredmedia":[{"embeddable":true,"href":"https:\/\/corporativojjloc.com.mx\/index.php?rest_route=\/wp\/v2\/media\/15"}],"wp:attachment":[{"href":"https:\/\/corporativojjloc.com.mx\/index.php?rest_route=%2Fwp%2Fv2%2Fmedia&parent=2"}],"curies":[{"name":"wp","href":"https:\/\/api.w.org\/{rel}","templated":true}]}}