{"id":43,"date":"2022-07-11T05:05:44","date_gmt":"2022-07-11T05:05:44","guid":{"rendered":"https:\/\/corporativojjloc.com.mx\/?page_id=43"},"modified":"2022-07-11T06:05:01","modified_gmt":"2022-07-11T06:05:01","slug":"inicio","status":"publish","type":"page","link":"https:\/\/corporativojjloc.com.mx\/","title":{"rendered":"Inicio"},"content":{"rendered":"\n<div class=\"wp-block-media-text alignwide is-stacked-on-mobile\"><figure class=\"wp-block-media-text__media\"><img fetchpriority=\"high\" decoding=\"async\" width=\"1024\" height=\"683\" src=\"https:\/\/corporativojjloc.com.mx\/wp-content\/uploads\/2022\/07\/Analisis_de_la_contabilidad_de_costes_para_la_mejora_de_la_toma_de_decisiones-1024x683.jpg\" alt=\"\" class=\"wp-image-63 size-full\" srcset=\"https:\/\/corporativojjloc.com.mx\/wp-content\/uploads\/2022\/07\/Analisis_de_la_contabilidad_de_costes_para_la_mejora_de_la_toma_de_decisiones-1024x683.jpg 1024w, https:\/\/corporativojjloc.com.mx\/wp-content\/uploads\/2022\/07\/Analisis_de_la_contabilidad_de_costes_para_la_mejora_de_la_toma_de_decisiones-300x200.jpg 300w, https:\/\/corporativojjloc.com.mx\/wp-content\/uploads\/2022\/07\/Analisis_de_la_contabilidad_de_costes_para_la_mejora_de_la_toma_de_decisiones-768x512.jpg 768w, https:\/\/corporativojjloc.com.mx\/wp-content\/uploads\/2022\/07\/Analisis_de_la_contabilidad_de_costes_para_la_mejora_de_la_toma_de_decisiones-1536x1024.jpg 1536w, https:\/\/corporativojjloc.com.mx\/wp-content\/uploads\/2022\/07\/Analisis_de_la_contabilidad_de_costes_para_la_mejora_de_la_toma_de_decisiones-2048x1365.jpg 2048w\" sizes=\"(max-width: 1024px) 100vw, 1024px\" \/><\/figure><div class=\"wp-block-media-text__content\">\n<h2>Nosotros<\/h2>\n\n\n\n<hr class=\"wp-block-separator has-alpha-channel-opacity is-style-wide\"\/>\n\n\n\n<p>Somos un despacho contable fundado desde el 2014 con la misi\u00f3n de generar confianza en nuestros clientes. Adem\u00e1s de ser un grupo de profesionales que proveen salud financiera.<\/p>\n<\/div><\/div>\n\n\n\n<div class=\"wp-block-media-text alignwide has-media-on-the-right is-stacked-on-mobile\"><figure class=\"wp-block-media-text__media\"><img decoding=\"async\" width=\"1024\" height=\"683\" src=\"https:\/\/corporativojjloc.com.mx\/wp-content\/uploads\/2022\/07\/contabilidad-de-empresa-1024x683.jpg\" alt=\"\" class=\"wp-image-65 size-full\" srcset=\"https:\/\/corporativojjloc.com.mx\/wp-content\/uploads\/2022\/07\/contabilidad-de-empresa-1024x683.jpg 1024w, https:\/\/corporativojjloc.com.mx\/wp-content\/uploads\/2022\/07\/contabilidad-de-empresa-300x200.jpg 300w, https:\/\/corporativojjloc.com.mx\/wp-content\/uploads\/2022\/07\/contabilidad-de-empresa-768x512.jpg 768w, https:\/\/corporativojjloc.com.mx\/wp-content\/uploads\/2022\/07\/contabilidad-de-empresa-1536x1024.jpg 1536w, https:\/\/corporativojjloc.com.mx\/wp-content\/uploads\/2022\/07\/contabilidad-de-empresa.jpg 1920w\" sizes=\"(max-width: 1024px) 100vw, 1024px\" \/><\/figure><div class=\"wp-block-media-text__content\">\n<h2>Servicios<\/h2>\n\n\n\n<hr class=\"wp-block-separator has-alpha-channel-opacity is-style-wide\"\/>\n\n\n\n<ul><li>Servicios contables<\/li><li>Servicios de c\u00e1lculo de n\u00f3mina<\/li><li>Servicios de presentaci\u00f3n de impuestos<\/li><li>Automatizaci\u00f3n de contabilidad<\/li><li>Administraci\u00f3n completa<\/li><li>Facturaci\u00f3n y cuentas por cobrar<\/li><\/ul>\n<\/div><\/div>\n\n\n\n<div class=\"wp-block-media-text alignwide is-stacked-on-mobile\"><figure class=\"wp-block-media-text__media\"><img decoding=\"async\" width=\"1024\" height=\"576\" src=\"https:\/\/corporativojjloc.com.mx\/wp-content\/uploads\/2022\/07\/portada-contabilidad-1024x576.jpg\" alt=\"\" class=\"wp-image-64 size-full\" srcset=\"https:\/\/corporativojjloc.com.mx\/wp-content\/uploads\/2022\/07\/portada-contabilidad-1024x576.jpg 1024w, https:\/\/corporativojjloc.com.mx\/wp-content\/uploads\/2022\/07\/portada-contabilidad-300x169.jpg 300w, https:\/\/corporativojjloc.com.mx\/wp-content\/uploads\/2022\/07\/portada-contabilidad-768x432.jpg 768w, https:\/\/corporativojjloc.com.mx\/wp-content\/uploads\/2022\/07\/portada-contabilidad.jpg 1200w\" sizes=\"(max-width: 1024px) 100vw, 1024px\" \/><\/figure><div class=\"wp-block-media-text__content\">\n<h2>Soluciones para ti<\/h2>\n\n\n\n<hr class=\"wp-block-separator has-alpha-channel-opacity is-style-wide\"\/>\n\n\n\n<p>Servicios contables, servicios fiscales, servicios de revisi\u00f3n de impuestos, dise\u00f1o de estrategias fiscales, servicios de consultor\u00eda en fiscal.<\/p>\n<\/div><\/div>\n\n\n\n<div class=\"wp-block-media-text alignwide has-media-on-the-right is-stacked-on-mobile\"><figure class=\"wp-block-media-text__media\"><img loading=\"lazy\" decoding=\"async\" width=\"1024\" height=\"576\" src=\"https:\/\/corporativojjloc.com.mx\/wp-content\/uploads\/2022\/07\/trabajador-llamando-por-telefono-en-una-oficina-1024x576.png\" alt=\"\" class=\"wp-image-66 size-full\" srcset=\"https:\/\/corporativojjloc.com.mx\/wp-content\/uploads\/2022\/07\/trabajador-llamando-por-telefono-en-una-oficina-1024x576.png 1024w, https:\/\/corporativojjloc.com.mx\/wp-content\/uploads\/2022\/07\/trabajador-llamando-por-telefono-en-una-oficina-300x169.png 300w, https:\/\/corporativojjloc.com.mx\/wp-content\/uploads\/2022\/07\/trabajador-llamando-por-telefono-en-una-oficina-768x432.png 768w, https:\/\/corporativojjloc.com.mx\/wp-content\/uploads\/2022\/07\/trabajador-llamando-por-telefono-en-una-oficina.png 1200w\" sizes=\"(max-width: 1024px) 100vw, 1024px\" \/><\/figure><div class=\"wp-block-media-text__content\">\n<h2>Para m\u00e1s informaci\u00f3n, no dude en contactarnos.<\/h2>\n\n\n\n<hr class=\"wp-block-separator has-alpha-channel-opacity is-style-wide\"\/>\n\n\n\n<p>Tel\u00e9fono <br><strong>55 2272 7207<\/strong><br><br>Correo Electr\u00f3nico:<br><strong>juanjo232726@gmail.com<\/strong><br><\/p>\n\n\n\n<hr class=\"wp-block-separator has-alpha-channel-opacity is-style-dots\"\/>\n\n\n\n<div class=\"is-layout-flex wp-block-buttons\">\n<div class=\"wp-block-button\"><a class=\"wp-block-button__link\" href=\"https:\/\/corporativojjloc.com.mx\/?page_id=20\">Contacto<\/a><\/div>\n<\/div>\n<\/div><\/div>\n","protected":false},"excerpt":{"rendered":"","protected":false},"author":1,"featured_media":29,"parent":0,"menu_order":0,"comment_status":"closed","ping_status":"closed","template":"","meta":[],"_links":{"self":[{"href":"https:\/\/corporativojjloc.com.mx\/index.php?rest_route=\/wp\/v2\/pages\/43"}],"collection":[{"href":"https:\/\/corporativojjloc.com.mx\/index.php?rest_route=\/wp\/v2\/pages"}],"about":[{"href":"https:\/\/corporativojjloc.com.mx\/index.php?rest_route=\/wp\/v2\/types\/page"}],"author":[{"embeddable":true,"href":"https:\/\/corporativojjloc.com.mx\/index.php?rest_route=\/wp\/v2\/users\/1"}],"replies":[{"embeddable":true,"href":"https:\/\/corporativojjloc.com.mx\/index.php?rest_route=%2Fwp%2Fv2%2Fcomments&post=43"}],"version-history":[{"count":4,"href":"https:\/\/corporativojjloc.com.mx\/index.php?rest_route=\/wp\/v2\/pages\/43\/revisions"}],"predecessor-version":[{"id":70,"href":"https:\/\/corporativojjloc.com.mx\/index.php?rest_route=\/wp\/v2\/pages\/43\/revisions\/70"}],"wp:featuredmedia":[{"embeddable":true,"href":"https:\/\/corporativojjloc.com.mx\/index.php?rest_route=\/wp\/v2\/media\/29"}],"wp:attachment":[{"href":"https:\/\/corporativojjloc.com.mx\/index.php?rest_route=%2Fwp%2Fv2%2Fmedia&parent=43"}],"curies":[{"name":"wp","href":"https:\/\/api.w.org\/{rel}","templated":true}]}}